{"id":53,"date":"2020-06-21T17:59:22","date_gmt":"2020-06-21T17:59:22","guid":{"rendered":"http:\/\/keep2shares.net\/?page_id=53"},"modified":"2025-02-02T16:23:45","modified_gmt":"2025-02-02T16:23:45","slug":"about","status":"publish","type":"page","link":"https:\/\/keep2shares.net\/cs\/about\/","title":{"rendered":"O n\u00e1s"},"content":{"rendered":"<p>The primary purpose of this website  (keep2shares.net) is to provide information about services offered by k2s\/keep2share.<br \/>\nIf you wish to contact this website support send an email to support(at)keep2shares.net<\/p>\n","protected":false},"excerpt":{"rendered":"<p>Hlavn\u00edm \u00fa\u010delem t\u00e9to webov\u00e9 str\u00e1nky (keep2shares.net) je poskytovat informace o slu\u017eb\u00e1ch nab\u00edzen\u00fdch spole\u010dnost\u00ed k2s\/keep2share. Pokud chcete kontaktovat podporu t\u00e9to webov\u00e9 str\u00e1nky, po\u0161lete e-mail na adresu support(at)keep2shares.net.<\/p>\n","protected":false},"author":1,"featured_media":0,"parent":0,"menu_order":21,"comment_status":"closed","ping_status":"closed","template":"","meta":{"footnotes":""},"class_list":["post-53","page","type-page","status-publish","hentry"],"_links":{"self":[{"href":"https:\/\/keep2shares.net\/cs\/wp-json\/wp\/v2\/pages\/53","targetHints":{"allow":["GET"]}}],"collection":[{"href":"https:\/\/keep2shares.net\/cs\/wp-json\/wp\/v2\/pages"}],"about":[{"href":"https:\/\/keep2shares.net\/cs\/wp-json\/wp\/v2\/types\/page"}],"author":[{"embeddable":true,"href":"https:\/\/keep2shares.net\/cs\/wp-json\/wp\/v2\/users\/1"}],"replies":[{"embeddable":true,"href":"https:\/\/keep2shares.net\/cs\/wp-json\/wp\/v2\/comments?post=53"}],"version-history":[{"count":20,"href":"https:\/\/keep2shares.net\/cs\/wp-json\/wp\/v2\/pages\/53\/revisions"}],"predecessor-version":[{"id":421,"href":"https:\/\/keep2shares.net\/cs\/wp-json\/wp\/v2\/pages\/53\/revisions\/421"}],"wp:attachment":[{"href":"https:\/\/keep2shares.net\/cs\/wp-json\/wp\/v2\/media?parent=53"}],"curies":[{"name":"wp","href":"https:\/\/api.w.org\/{rel}","templated":true}]}}