{"id":114,"date":"2020-06-21T21:23:19","date_gmt":"2020-06-21T21:23:19","guid":{"rendered":"http:\/\/keep2shares.net\/?page_id=114"},"modified":"2024-06-18T11:21:47","modified_gmt":"2024-06-18T11:21:47","slug":"affiliate","status":"publish","type":"page","link":"https:\/\/keep2shares.net\/sv\/affiliate\/","title":{"rendered":"Partner"},"content":{"rendered":"<p style=\"text-align: center;\">Upload files to MoneyPlatform<br \/>\nAdd files \/ videos to web sites<br \/>\nGet money in a convenient way<\/p>\n<p style=\"text-align: center;\">Difficult way (without MoneyPlatform)<br \/>\nPurchase servers to store files<br \/>\nProvide ability to download files<br \/>\nProvide video broadcast<br \/>\nSet up payment gateways<br \/>\nSecure financial transactions<br \/>\nProvide user technical support<br \/>\nUpload files to servers<br \/>\nAdd files \/ videos to web sites<br \/>\nGet earned money from payment gateways<\/p>\n<p><img loading=\"lazy\" decoding=\"async\" class=\"size-full wp-image-117 aligncenter\" src=\"http:\/\/keep2shares.net\/wp-content\/uploads\/2020\/06\/moneyplatform-graph.png\" alt=\"\" width=\"1337\" height=\"543\" srcset=\"https:\/\/keep2shares.net\/wp-content\/uploads\/2020\/06\/moneyplatform-graph.png 1337w, https:\/\/keep2shares.net\/wp-content\/uploads\/2020\/06\/moneyplatform-graph-300x122.png 300w, https:\/\/keep2shares.net\/wp-content\/uploads\/2020\/06\/moneyplatform-graph-1024x416.png 1024w, https:\/\/keep2shares.net\/wp-content\/uploads\/2020\/06\/moneyplatform-graph-768x312.png 768w, https:\/\/keep2shares.net\/wp-content\/uploads\/2020\/06\/moneyplatform-graph-100x41.png 100w, https:\/\/keep2shares.net\/wp-content\/uploads\/2020\/06\/moneyplatform-graph-150x61.png 150w, https:\/\/keep2shares.net\/wp-content\/uploads\/2020\/06\/moneyplatform-graph-200x81.png 200w, https:\/\/keep2shares.net\/wp-content\/uploads\/2020\/06\/moneyplatform-graph-450x183.png 450w, https:\/\/keep2shares.net\/wp-content\/uploads\/2020\/06\/moneyplatform-graph-600x244.png 600w, https:\/\/keep2shares.net\/wp-content\/uploads\/2020\/06\/moneyplatform-graph-900x366.png 900w\" sizes=\"auto, (max-width: 1337px) 100vw, 1337px\" \/><\/p>\n<p style=\"text-align: center;\">STEP 1: Upload Files<br \/>\nUpload your files in a convenient way: using a browser, FTP or directly from other websites<\/p>\n<p style=\"text-align: center;\">STEP 2: File sharing<br \/>\nPost links to your files on web sites<br \/>\nAdd the video player on web sites<\/p>\n<p style=\"text-align: center;\">STEP 3: Get rewarded<br \/>\nUsers pay for access to your files<br \/>\nGet up to 75% of user purchases<\/p>\n<p style=\"text-align: center;\">All kinds of files are supported Video, music, archives and others<br \/>\nVideo, music, archives and others<\/p>\n<p style=\"text-align: center;\">Automatic conversion<br \/>\nVideo is automatically converted for online views<\/p>\n<p style=\"text-align: center;\">Files up to 15 GB<br \/>\nMaximum file size is 15 GB<\/p>\n<p style=\"text-align: center;\">Various file upload options<br \/>\nWEB, FTP, API, direct upload from other sites<\/p>\n<p><iframe loading=\"lazy\" src=\"https:\/\/www.youtube-nocookie.com\/embed\/r6aHNhRmaI4\" width=\"560\" height=\"315\" frameborder=\"0\" allowfullscreen=\"allowfullscreen\"><\/iframe><\/p>\n","protected":false},"excerpt":{"rendered":"<p>Ladda upp filer till MoneyPlatform L\u00e4gg till filer\/videor p\u00e5 webbplatser F\u00e5 pengar p\u00e5 ett bekv\u00e4mt s\u00e4tt Sv\u00e5rare s\u00e4tt (utan MoneyPlatform) K\u00f6p servrar f\u00f6r att lagra filer Tillhandah\u00e5ll m\u00f6jlighet att ladda ner filer Tillhandah\u00e5ll videouts\u00e4ndning Konfigurera betalningsgr\u00e4nssnitt S\u00e4kra finansiella transaktioner Tillhandah\u00e5ll &hellip;<\/p>\n<p class=\"read-more\"> <a class=\"more-link\" href=\"https:\/\/keep2shares.net\/sv\/affiliate\/\"> <span class=\"screen-reader-text\">Partner<\/span> Read More &raquo;<\/a><\/p>\n","protected":false},"author":1,"featured_media":0,"parent":0,"menu_order":1,"comment_status":"closed","ping_status":"closed","template":"","meta":{"footnotes":""},"class_list":["post-114","page","type-page","status-publish","hentry"],"_links":{"self":[{"href":"https:\/\/keep2shares.net\/sv\/wp-json\/wp\/v2\/pages\/114","targetHints":{"allow":["GET"]}}],"collection":[{"href":"https:\/\/keep2shares.net\/sv\/wp-json\/wp\/v2\/pages"}],"about":[{"href":"https:\/\/keep2shares.net\/sv\/wp-json\/wp\/v2\/types\/page"}],"author":[{"embeddable":true,"href":"https:\/\/keep2shares.net\/sv\/wp-json\/wp\/v2\/users\/1"}],"replies":[{"embeddable":true,"href":"https:\/\/keep2shares.net\/sv\/wp-json\/wp\/v2\/comments?post=114"}],"version-history":[{"count":18,"href":"https:\/\/keep2shares.net\/sv\/wp-json\/wp\/v2\/pages\/114\/revisions"}],"predecessor-version":[{"id":402,"href":"https:\/\/keep2shares.net\/sv\/wp-json\/wp\/v2\/pages\/114\/revisions\/402"}],"wp:attachment":[{"href":"https:\/\/keep2shares.net\/sv\/wp-json\/wp\/v2\/media?parent=114"}],"curies":[{"name":"wp","href":"https:\/\/api.w.org\/{rel}","templated":true}]}}