{"id":2,"date":"2020-06-21T17:43:22","date_gmt":"2020-06-21T17:43:22","guid":{"rendered":"http:\/\/keep2shares.net\/?page_id=2"},"modified":"2024-06-18T11:22:56","modified_gmt":"2024-06-18T11:22:56","slug":"terms","status":"publish","type":"page","link":"https:\/\/keep2shares.net\/sv\/terms\/","title":{"rendered":"Anv\u00e4ndarvillkor"},"content":{"rendered":"<p>Thank you for visiting our website. This privacy policy tells you how we use personal information collected at this site. Please read this privacy policy before using the site or submitting any personal information. By using the site, you are accepting the practices described in this privacy policy. Keep2shares reserves the right to revise, amend, or modify this TOS, and our other policies and agreements at any time and in any manner without any prior notice which please note. You are encouraged to review the privacy policy whenever you visit the site. IF AT ANY TIME YOU DO NOT AGREE TO THESE TERMS AND CONDITIONS, PLEASE IMMEDIATELY TERMINATE YOUR USE OF THE SERVICES AND FOLLOW THE INSTRUCTIONS IN THIS AGREEMENT.<\/p>\n<p>By accepting these Terms of Service, you agree that these Terms of Service will apply whenever you use the Service. If you do not agree to be bound as required herein, then you cannot use the Service and in such instance, do not check the \u201cI read and agree to Terms and Conditions\u201d before completion of each purchase.<\/p>\n<p>We guarantee the security of data recorded with Keep2shares. We undertake to protect your personal data. All personal data provided during registration will be exclusively used for processing your orders and verifying suspicious transactions, unless you give us permission to use it in another manner, for example to add you to one of our mailing lists.<\/p>\n","protected":false},"excerpt":{"rendered":"<p>Tack f\u00f6r att du bes\u00f6ker v\u00e5r webbplats. Denna integritetspolicy ber\u00e4ttar hur vi anv\u00e4nder personlig information som samlas in p\u00e5 denna webbplats. V\u00e4nligen l\u00e4s denna integritetspolicy innan du anv\u00e4nder webbplatsen eller skickar in personlig information. Genom att anv\u00e4nda webbplatsen accepterar du &hellip;<\/p>\n<p class=\"read-more\"> <a class=\"more-link\" href=\"https:\/\/keep2shares.net\/sv\/terms\/\"> <span class=\"screen-reader-text\">Anv\u00e4ndarvillkor<\/span> Read More &raquo;<\/a><\/p>\n","protected":false},"author":1,"featured_media":0,"parent":0,"menu_order":19,"comment_status":"closed","ping_status":"open","template":"","meta":{"footnotes":""},"class_list":["post-2","page","type-page","status-publish","hentry"],"_links":{"self":[{"href":"https:\/\/keep2shares.net\/sv\/wp-json\/wp\/v2\/pages\/2","targetHints":{"allow":["GET"]}}],"collection":[{"href":"https:\/\/keep2shares.net\/sv\/wp-json\/wp\/v2\/pages"}],"about":[{"href":"https:\/\/keep2shares.net\/sv\/wp-json\/wp\/v2\/types\/page"}],"author":[{"embeddable":true,"href":"https:\/\/keep2shares.net\/sv\/wp-json\/wp\/v2\/users\/1"}],"replies":[{"embeddable":true,"href":"https:\/\/keep2shares.net\/sv\/wp-json\/wp\/v2\/comments?post=2"}],"version-history":[{"count":16,"href":"https:\/\/keep2shares.net\/sv\/wp-json\/wp\/v2\/pages\/2\/revisions"}],"predecessor-version":[{"id":405,"href":"https:\/\/keep2shares.net\/sv\/wp-json\/wp\/v2\/pages\/2\/revisions\/405"}],"wp:attachment":[{"href":"https:\/\/keep2shares.net\/sv\/wp-json\/wp\/v2\/media?parent=2"}],"curies":[{"name":"wp","href":"https:\/\/api.w.org\/{rel}","templated":true}]}}